{"id":37,"date":"2026-03-04T11:49:35","date_gmt":"2026-03-04T11:49:35","guid":{"rendered":"https:\/\/vinno-ultraschall.de\/?page_id=37"},"modified":"2026-03-06T07:45:31","modified_gmt":"2026-03-06T07:45:31","slug":"impressum","status":"publish","type":"page","link":"https:\/\/vinno-ultraschall.de\/?page_id=37","title":{"rendered":"Impressum"},"content":{"rendered":"\t\t<div data-elementor-type=\"wp-page\" data-elementor-id=\"37\" class=\"elementor elementor-37\" data-elementor-post-type=\"page\">\n\t\t\t\t<div class=\"elementor-element elementor-element-ca88531 e-flex e-con-boxed e-con e-parent\" data-id=\"ca88531\" data-element_type=\"container\" data-e-type=\"container\">\n\t\t\t\t\t<div class=\"e-con-inner\">\n\t\t\t\t<div class=\"elementor-element elementor-element-9e9520b elementor-widget elementor-widget-heading\" data-id=\"9e9520b\" data-element_type=\"widget\" data-e-type=\"widget\" data-widget_type=\"heading.default\">\n\t\t\t\t\t<h2 class=\"elementor-heading-title elementor-size-default\">Impressum<\/h2>\t\t\t\t<\/div>\n\t\t\t\t\t<\/div>\n\t\t\t\t<\/div>\n\t\t<div class=\"elementor-element elementor-element-f49bee9 e-flex e-con-boxed e-con e-parent\" data-id=\"f49bee9\" data-element_type=\"container\" data-e-type=\"container\">\n\t\t\t\t\t<div class=\"e-con-inner\">\n\t\t\t\t<div class=\"elementor-element elementor-element-c542925 elementor-widget elementor-widget-text-editor\" data-id=\"c542925\" data-element_type=\"widget\" data-e-type=\"widget\" data-widget_type=\"text-editor.default\">\n\t\t\t\t\t\t\t\t\t<h3 id=\"angabengem5tmg\">Angaben gem\u00e4\u00df \u00a7 5 TMG:<\/h3><p>Sonoportal GmbH<br \/>Kirchweg 2<br \/>94104 Tittling<\/p><h4 id=\"vertretendurch\">Vertreten durch:<\/h4><p>Dipl. Ing. (FH) Klaus Feicht<\/p><h4 id=\"kontakt\">Kontakt:<\/h4><p>Telefon: +49 (8504) 922 98 11<br \/>Telefax: +49 (8504) 922 98 12<br \/>Email: <a href=\"mailto:info@sonoportal.com\">info@sonoportal.com<\/a><\/p><h4 id=\"registereintrag\">Registereintrag:<\/h4><p>Eintragung im Handelsregister<br \/>Registergericht:Passau<br \/>Registernummer: 9143<\/p><h4 id=\"umsatzsteuerid\">Umsatzsteuer-ID:<\/h4><p>Umsatzsteuer-Identifikationsnummer gem\u00e4\u00df \u00a727 a Umsatzsteuergesetz:<br \/>DE295479077<\/p><p>Quelle:\u00a0<a href=\"https:\/\/www.e-recht24.de\/\">https:\/\/www.e-recht24.de<\/a><\/p><h3 id=\"haftungsausschlussdisclaimer\">Haftungsausschluss (Disclaimer)<\/h3><h4 id=\"haftungfrinhalte\">Haftung f\u00fcr Inhalte<\/h4><p>Als Diensteanbieter sind wir gem\u00e4\u00df \u00a7 7 Abs.1 TMG f\u00fcr eigene Inhalte auf diesen Seiten nach den allgemeinen Gesetzen verantwortlich. Nach \u00a7\u00a7 8 bis 10 TMG sind wir als Diensteanbieter jedoch nicht verpflichtet, \u00fcbermittelte oder gespeicherte fremde Informationen zu \u00fcberwachen oder nach Umst\u00e4nden zu forschen, die auf eine rechtswidrige T\u00e4tigkeit hinweisen. Verpflichtungen zur Entfernung oder Sperrung der Nutzung von Informationen nach den allgemeinen Gesetzen bleiben hiervon unber\u00fchrt. Eine diesbez\u00fcgliche Haftung ist jedoch erst ab dem Zeitpunkt der Kenntnis einer konkreten Rechtsverletzung m\u00f6glich. Bei Bekanntwerden von entsprechenden Rechtsverletzungen werden wir diese Inhalte umgehend entfernen.<\/p><h4 id=\"haftungfrlinks\">Haftung f\u00fcr Links<\/h4><p>Unser Angebot enth\u00e4lt Links zu externen Webseiten Dritter, auf deren Inhalte wir keinen Einfluss haben. Deshalb k\u00f6nnen wir f\u00fcr diese fremden Inhalte auch keine Gew\u00e4hr \u00fcbernehmen. F\u00fcr die Inhalte der verlinkten Seiten ist stets der jeweilige Anbieter oder Betreiber der Seiten verantwortlich. Die verlinkten Seiten wurden zum Zeitpunkt der Verlinkung auf m\u00f6gliche Rechtsverst\u00f6\u00dfe \u00fcberpr\u00fcft. Rechtswidrige Inhalte waren zum Zeitpunkt der Verlinkung nicht erkennbar. Eine permanente inhaltliche Kontrolle der verlinkten Seiten ist jedoch ohne konkrete Anhaltspunkte einer Rechtsverletzung nicht zumutbar. Bei Bekanntwerden von Rechtsverletzungen werden wir derartige Links umgehend entfernen.<\/p><h4 id=\"urheberrecht\">Urheberrecht<\/h4><p>Die durch die Seitenbetreiber erstellten Inhalte und Werke auf diesen Seiten unterliegen dem deutschen Urheberrecht. Die Vervielf\u00e4ltigung, Bearbeitung, Verbreitung und jede Art der Verwertung au\u00dferhalb der Grenzen des Urheberrechtes bed\u00fcrfen der schriftlichen Zustimmung des jeweiligen Autors bzw. Erstellers. Downloads und Kopien dieser Seite sind nur f\u00fcr den privaten, nicht kommerziellen Gebrauch gestattet. Soweit die Inhalte auf dieser Seite nicht vom Betreiber erstellt wurden, werden die Urheberrechte Dritter beachtet. Insbesondere werden Inhalte Dritter als solche gekennzeichnet. Sollten Sie trotzdem auf eine Urheberrechtsverletzung aufmerksam werden, bitten wir um einen entsprechenden Hinweis. Bei Bekanntwerden von Rechtsverletzungen werden wir derartige Inhalte umgehend entfernen.<\/p><p>\u00a0<\/p><div><b>Fotoquelle:<\/b>\u00a0Bildnachweis (Unterlizenz): Bildmotive, die zur Erstellung unserer Webseite verwendet wurden<\/div><div>\u00a0<\/div><div><div>Liste der Bilder, die bei der Erstellung der Website als Lizenzen von uns erworben und verwendet wurden.<\/div><div>Fotoquelle Shutterstock<br \/>\u00a9shutterstock.com<\/div><\/div>\t\t\t\t\t\t\t\t<\/div>\n\t\t\t\t\t<\/div>\n\t\t\t\t<\/div>\n\t\t\t\t<\/div>\n\t\t","protected":false},"excerpt":{"rendered":"<p>Impressum Angaben gem\u00e4\u00df \u00a7 5 TMG: Sonoportal GmbHKirchweg 294104 Tittling Vertreten durch: Dipl. Ing. (FH) Klaus Feicht Kontakt: Telefon: +49 (8504) 922 98 11Telefax: +49 (8504) 922 98 12Email: info@sonoportal.com Registereintrag: Eintragung im HandelsregisterRegistergericht:PassauRegisternummer: 9143 Umsatzsteuer-ID: Umsatzsteuer-Identifikationsnummer gem\u00e4\u00df \u00a727 a Umsatzsteuergesetz:DE295479077 Quelle:\u00a0https:\/\/www.e-recht24.de Haftungsausschluss (Disclaimer) Haftung f\u00fcr Inhalte Als Diensteanbieter sind wir gem\u00e4\u00df \u00a7 7 Abs.1 [&hellip;]<\/p>\n","protected":false},"author":1,"featured_media":0,"parent":0,"menu_order":0,"comment_status":"closed","ping_status":"closed","template":"","meta":{"footnotes":""},"class_list":["post-37","page","type-page","status-publish","hentry"],"_links":{"self":[{"href":"https:\/\/vinno-ultraschall.de\/index.php?rest_route=\/wp\/v2\/pages\/37","targetHints":{"allow":["GET"]}}],"collection":[{"href":"https:\/\/vinno-ultraschall.de\/index.php?rest_route=\/wp\/v2\/pages"}],"about":[{"href":"https:\/\/vinno-ultraschall.de\/index.php?rest_route=\/wp\/v2\/types\/page"}],"author":[{"embeddable":true,"href":"https:\/\/vinno-ultraschall.de\/index.php?rest_route=\/wp\/v2\/users\/1"}],"replies":[{"embeddable":true,"href":"https:\/\/vinno-ultraschall.de\/index.php?rest_route=%2Fwp%2Fv2%2Fcomments&post=37"}],"version-history":[{"count":6,"href":"https:\/\/vinno-ultraschall.de\/index.php?rest_route=\/wp\/v2\/pages\/37\/revisions"}],"predecessor-version":[{"id":82,"href":"https:\/\/vinno-ultraschall.de\/index.php?rest_route=\/wp\/v2\/pages\/37\/revisions\/82"}],"wp:attachment":[{"href":"https:\/\/vinno-ultraschall.de\/index.php?rest_route=%2Fwp%2Fv2%2Fmedia&parent=37"}],"curies":[{"name":"wp","href":"https:\/\/api.w.org\/{rel}","templated":true}]}}